{"id":17,"date":"2026-01-20T22:10:04","date_gmt":"2026-01-20T22:10:04","guid":{"rendered":"https:\/\/cpejr.com\/?page_id=17"},"modified":"2026-03-10T11:08:41","modified_gmt":"2026-03-10T11:08:41","slug":"servicos","status":"publish","type":"page","link":"https:\/\/cpejr.com\/index.php\/servicos\/","title":{"rendered":"SW"},"content":{"rendered":"\t\t<div data-elementor-type=\"wp-page\" data-elementor-id=\"17\" class=\"elementor elementor-17\" data-elementor-post-type=\"page\">\n\t\t\t\t<div class=\"elementor-element elementor-element-3219d75 e-flex e-con-boxed e-con e-parent\" data-id=\"3219d75\" data-element_type=\"container\">\n\t\t\t\t\t<div class=\"e-con-inner\">\n\t\t<div class=\"elementor-element elementor-element-46d9d02 e-con-full e-flex e-con e-child\" data-id=\"46d9d02\" data-element_type=\"container\">\n\t\t<div class=\"elementor-element elementor-element-692f830 e-con-full e-flex e-con e-child\" data-id=\"692f830\" data-element_type=\"container\">\n\t\t\t\t<div class=\"elementor-element elementor-element-f925539 elementor-widget elementor-widget-heading\" data-id=\"f925539\" data-element_type=\"widget\" data-widget_type=\"heading.default\">\n\t\t\t\t\t<h1 class=\"elementor-heading-title elementor-size-default\">Sistema Web<\/h1>\t\t\t\t<\/div>\n\t\t\t\t<div class=\"elementor-element elementor-element-1175960 elementor-widget elementor-widget-text-editor\" data-id=\"1175960\" data-element_type=\"widget\" data-widget_type=\"text-editor.default\">\n\t\t\t\t\t\t\t\t\t<p><span class=\"a_GcMg font-feature-liga-off font-feature-clig-off font-feature-calt-off text-decoration-none text-strikethrough-none\">O <\/span><strong><span class=\"a_GcMg font-feature-liga-off font-feature-clig-off font-feature-calt-off text-decoration-none text-strikethrough-none\">Sistema Web<\/span><\/strong><span class=\"a_GcMg font-feature-liga-off font-feature-clig-off font-feature-calt-off text-decoration-none text-strikethrough-none\"> \u00e9 uma p\u00e1gina da Web que apresenta <\/span><strong><span class=\"a_GcMg font-feature-liga-off font-feature-clig-off font-feature-calt-off text-decoration-none text-strikethrough-none\">dinamicidade <\/span><\/strong><span class=\"a_GcMg font-feature-liga-off font-feature-clig-off font-feature-calt-off text-decoration-none text-strikethrough-none\">em suas informa\u00e7\u00f5es. Geralmente s\u00e3o utilizados para sistemas mais <\/span><strong><span class=\"a_GcMg font-feature-liga-off font-feature-clig-off font-feature-calt-off text-decoration-none text-strikethrough-none\">complexo<\/span><\/strong><span class=\"a_GcMg font-feature-liga-off font-feature-clig-off font-feature-calt-off text-decoration-none text-strikethrough-none\"><strong>s<\/strong> que demandam o tratamento de dados. Uma interface usu\u00e1rio\/administrador comumente \u00e9 empregada.<\/span><\/p>\t\t\t\t\t\t\t\t<\/div>\n\t\t\t\t<\/div>\n\t\t<div class=\"elementor-element elementor-element-51e334d e-con-full e-flex e-con e-child\" data-id=\"51e334d\" data-element_type=\"container\">\n\t\t\t\t<div class=\"elementor-element elementor-element-3e64a31 elementor-widget elementor-widget-image\" data-id=\"3e64a31\" data-element_type=\"widget\" data-widget_type=\"image.default\">\n\t\t\t\t\t\t\t\t\t\t\t\t\t\t\t<img fetchpriority=\"high\" decoding=\"async\" width=\"1024\" height=\"693\" src=\"https:\/\/cpejr.com\/wp-content\/uploads\/2026\/02\/ws-1024x693.gif\" class=\"attachment-large size-large wp-image-254\" alt=\"\" srcset=\"https:\/\/cpejr.com\/wp-content\/uploads\/2026\/02\/ws-1024x693.gif 1024w, https:\/\/cpejr.com\/wp-content\/uploads\/2026\/02\/ws-300x203.gif 300w, https:\/\/cpejr.com\/wp-content\/uploads\/2026\/02\/ws-768x520.gif 768w, https:\/\/cpejr.com\/wp-content\/uploads\/2026\/02\/ws-1536x1040.gif 1536w, https:\/\/cpejr.com\/wp-content\/uploads\/2026\/02\/ws-2048x1386.gif 2048w\" sizes=\"(max-width: 1024px) 100vw, 1024px\" \/>\t\t\t\t\t\t\t\t\t\t\t\t\t\t\t<\/div>\n\t\t\t\t<\/div>\n\t\t<div class=\"elementor-element elementor-element-153b2c9 e-con-full e-flex e-con e-child\" data-id=\"153b2c9\" data-element_type=\"container\">\n\t\t\t\t<div class=\"elementor-element elementor-element-53f85ee elementor-widget elementor-widget-heading\" data-id=\"53f85ee\" data-element_type=\"widget\" data-widget_type=\"heading.default\">\n\t\t\t\t\t<h2 class=\"elementor-heading-title elementor-size-default\">Vantagens<\/h2>\t\t\t\t<\/div>\n\t\t\t\t<div class=\"elementor-element elementor-element-fc42f37 elementor-widget elementor-widget-text-editor\" data-id=\"fc42f37\" data-element_type=\"widget\" data-widget_type=\"text-editor.default\">\n\t\t\t\t\t\t\t\t\t<ul><li><span class=\"a_GcMg font-feature-liga-off font-feature-clig-off font-feature-calt-off text-decoration-none text-strikethrough-none\">Robusto e complexo<\/span><\/li><li><span class=\"a_GcMg font-feature-liga-off font-feature-clig-off font-feature-calt-off text-decoration-none text-strikethrough-none\">Organiza\u00e7\u00e3o de processos corporativos<\/span><\/li><li><span class=\"a_GcMg font-feature-liga-off font-feature-clig-off font-feature-calt-off text-decoration-none text-strikethrough-none\">Interfaces variados de acesso<\/span><\/li><\/ul>\t\t\t\t\t\t\t\t<\/div>\n\t\t\t\t<div class=\"elementor-element elementor-element-5fa2a0b elementor-widget elementor-widget-heading\" data-id=\"5fa2a0b\" data-element_type=\"widget\" data-widget_type=\"heading.default\">\n\t\t\t\t\t<h2 class=\"elementor-heading-title elementor-size-default\">Nosso Clientes<\/h2>\t\t\t\t<\/div>\n\t\t\t\t<\/div>\n\t\t\t\t<div class=\"elementor-element elementor-element-203da83 elementor-widget elementor-widget-image\" data-id=\"203da83\" data-element_type=\"widget\" data-widget_type=\"image.default\">\n\t\t\t\t\t\t\t\t\t\t\t\t\t\t\t<img decoding=\"async\" width=\"1024\" height=\"474\" src=\"https:\/\/cpejr.com\/wp-content\/uploads\/2026\/02\/Untitled-design-9-1024x474.png\" class=\"attachment-large size-large wp-image-555\" alt=\"\" srcset=\"https:\/\/cpejr.com\/wp-content\/uploads\/2026\/02\/Untitled-design-9-1024x474.png 1024w, https:\/\/cpejr.com\/wp-content\/uploads\/2026\/02\/Untitled-design-9-300x139.png 300w, https:\/\/cpejr.com\/wp-content\/uploads\/2026\/02\/Untitled-design-9-768x356.png 768w, https:\/\/cpejr.com\/wp-content\/uploads\/2026\/02\/Untitled-design-9.png 1052w\" sizes=\"(max-width: 1024px) 100vw, 1024px\" \/>\t\t\t\t\t\t\t\t\t\t\t\t\t\t\t<\/div>\n\t\t\t\t<\/div>\n\t\t\t\t<div class=\"elementor-element elementor-element-b529459 elementor-widget__width-initial elementor-widget elementor-widget-text-editor\" data-id=\"b529459\" data-element_type=\"widget\" data-widget_type=\"text-editor.default\">\n\t\t\t\t\t\t\t\t\t<p><span class=\"a_GcMg font-feature-liga-off font-feature-clig-off font-feature-calt-off text-decoration-none text-strikethrough-none\">O Projeto Pipa \u00e9 um jogo desenvolvido pelo Laborat\u00f3rio de Processos Cognitivos (UFMG), que ensina \u00e0s crian\u00e7as de forma l\u00fadica a se protegerem em potenciais situa\u00e7\u00f5es de viol\u00eancia sexual.<\/span><\/p>\t\t\t\t\t\t\t\t<\/div>\n\t\t\t\t<div class=\"elementor-element elementor-element-77e0395 elementor-align-center e-transform e-transform elementor-widget elementor-widget-button\" data-id=\"77e0395\" data-element_type=\"widget\" data-settings=\"{&quot;_transform_scale_effect_hover&quot;:{&quot;unit&quot;:&quot;px&quot;,&quot;size&quot;:1.1999999999999999555910790149937383830547332763671875,&quot;sizes&quot;:[]},&quot;_transform_scaleX_effect&quot;:{&quot;unit&quot;:&quot;px&quot;,&quot;size&quot;:&quot;&quot;,&quot;sizes&quot;:[]},&quot;_transform_scaleX_effect_tablet&quot;:{&quot;unit&quot;:&quot;px&quot;,&quot;size&quot;:&quot;&quot;,&quot;sizes&quot;:[]},&quot;_transform_scaleX_effect_mobile&quot;:{&quot;unit&quot;:&quot;px&quot;,&quot;size&quot;:&quot;&quot;,&quot;sizes&quot;:[]},&quot;_transform_scaleY_effect&quot;:{&quot;unit&quot;:&quot;px&quot;,&quot;size&quot;:&quot;&quot;,&quot;sizes&quot;:[]},&quot;_transform_scaleY_effect_tablet&quot;:{&quot;unit&quot;:&quot;px&quot;,&quot;size&quot;:&quot;&quot;,&quot;sizes&quot;:[]},&quot;_transform_scaleY_effect_mobile&quot;:{&quot;unit&quot;:&quot;px&quot;,&quot;size&quot;:&quot;&quot;,&quot;sizes&quot;:[]},&quot;_transform_scale_effect_hover_tablet&quot;:{&quot;unit&quot;:&quot;px&quot;,&quot;size&quot;:&quot;&quot;,&quot;sizes&quot;:[]},&quot;_transform_scale_effect_hover_mobile&quot;:{&quot;unit&quot;:&quot;px&quot;,&quot;size&quot;:&quot;&quot;,&quot;sizes&quot;:[]}}\" data-widget_type=\"button.default\">\n\t\t\t\t\t\t\t\t\t\t<a class=\"elementor-button elementor-button-link elementor-size-sm\" href=\"\/index.php\/contato\">\n\t\t\t\t\t\t<span class=\"elementor-button-content-wrapper\">\n\t\t\t\t\t\t\t\t\t<span class=\"elementor-button-text\">AGENDE UM OR\u00c7AMENTO<\/span>\n\t\t\t\t\t<\/span>\n\t\t\t\t\t<\/a>\n\t\t\t\t\t\t\t\t<\/div>\n\t\t\t\t\t<\/div>\n\t\t\t\t<\/div>\n\t\t<div class=\"elementor-element elementor-element-ab4a719 e-flex e-con-boxed e-con e-parent\" data-id=\"ab4a719\" data-element_type=\"container\">\n\t\t\t\t\t<div class=\"e-con-inner\">\n\t\t\t\t\t<\/div>\n\t\t\t\t<\/div>\n\t\t\t\t<\/div>\n\t\t","protected":false},"excerpt":{"rendered":"<p>Sistema Web O Sistema Web \u00e9 uma p\u00e1gina da Web que apresenta dinamicidade em suas informa\u00e7\u00f5es. Geralmente s\u00e3o utilizados para [&hellip;]<\/p>\n","protected":false},"author":1,"featured_media":0,"parent":0,"menu_order":0,"comment_status":"closed","ping_status":"closed","template":"","meta":{"_crdt_document":"","site-sidebar-layout":"no-sidebar","site-content-layout":"","ast-site-content-layout":"full-width-container","site-content-style":"default","site-sidebar-style":"default","ast-global-header-display":"","ast-banner-title-visibility":"","ast-main-header-display":"","ast-hfb-above-header-display":"","ast-hfb-below-header-display":"","ast-hfb-mobile-header-display":"","site-post-title":"disabled","ast-breadcrumbs-content":"","ast-featured-img":"disabled","footer-sml-layout":"","ast-disable-related-posts":"","theme-transparent-header-meta":"","adv-header-id-meta":"","stick-header-meta":"","header-above-stick-meta":"","header-main-stick-meta":"","header-below-stick-meta":"","astra-migrate-meta-layouts":"default","ast-page-background-enabled":"default","ast-page-background-meta":{"desktop":{"background-color":"var(--ast-global-color-5)","background-image":"","background-repeat":"repeat","background-position":"center center","background-size":"auto","background-attachment":"scroll","background-type":"","background-media":"","overlay-type":"","overlay-color":"","overlay-opacity":"","overlay-gradient":""},"tablet":{"background-color":"","background-image":"","background-repeat":"repeat","background-position":"center center","background-size":"auto","background-attachment":"scroll","background-type":"","background-media":"","overlay-type":"","overlay-color":"","overlay-opacity":"","overlay-gradient":""},"mobile":{"background-color":"","background-image":"","background-repeat":"repeat","background-position":"center center","background-size":"auto","background-attachment":"scroll","background-type":"","background-media":"","overlay-type":"","overlay-color":"","overlay-opacity":"","overlay-gradient":""}},"ast-content-background-meta":{"desktop":{"background-color":"var(--ast-global-color-4)","background-image":"","background-repeat":"repeat","background-position":"center center","background-size":"auto","background-attachment":"scroll","background-type":"","background-media":"","overlay-type":"","overlay-color":"","overlay-opacity":"","overlay-gradient":""},"tablet":{"background-color":"var(--ast-global-color-4)","background-image":"","background-repeat":"repeat","background-position":"center center","background-size":"auto","background-attachment":"scroll","background-type":"","background-media":"","overlay-type":"","overlay-color":"","overlay-opacity":"","overlay-gradient":""},"mobile":{"background-color":"var(--ast-global-color-4)","background-image":"","background-repeat":"repeat","background-position":"center center","background-size":"auto","background-attachment":"scroll","background-type":"","background-media":"","overlay-type":"","overlay-color":"","overlay-opacity":"","overlay-gradient":""}},"footnotes":""},"class_list":["post-17","page","type-page","status-publish","hentry"],"yoast_head":"<!-- This site is optimized with the Yoast SEO plugin v26.8 - https:\/\/yoast.com\/product\/yoast-seo-wordpress\/ -->\n<title>SW - CPE Jr<\/title>\n<meta name=\"robots\" content=\"index, follow, max-snippet:-1, max-image-preview:large, max-video-preview:-1\" \/>\n<link rel=\"canonical\" href=\"https:\/\/cpejr.com\/index.php\/servicos\/\" \/>\n<meta property=\"og:locale\" content=\"en_US\" \/>\n<meta property=\"og:type\" content=\"article\" \/>\n<meta property=\"og:title\" content=\"SW - CPE Jr\" \/>\n<meta property=\"og:description\" content=\"Sistema Web O Sistema Web \u00e9 uma p\u00e1gina da Web que apresenta dinamicidade em suas informa\u00e7\u00f5es. Geralmente s\u00e3o utilizados para [&hellip;]\" \/>\n<meta property=\"og:url\" content=\"https:\/\/cpejr.com\/index.php\/servicos\/\" \/>\n<meta property=\"og:site_name\" content=\"CPE Jr\" \/>\n<meta property=\"article:modified_time\" content=\"2026-03-10T11:08:41+00:00\" \/>\n<meta property=\"og:image\" content=\"https:\/\/cpejr.com\/wp-content\/uploads\/2026\/02\/ws.gif\" \/>\n\t<meta property=\"og:image:width\" content=\"2074\" \/>\n\t<meta property=\"og:image:height\" content=\"1404\" \/>\n\t<meta property=\"og:image:type\" content=\"image\/gif\" \/>\n<meta name=\"twitter:card\" content=\"summary_large_image\" \/>\n<meta name=\"twitter:label1\" content=\"Est. reading time\" \/>\n\t<meta name=\"twitter:data1\" content=\"1 minute\" \/>\n<script type=\"application\/ld+json\" class=\"yoast-schema-graph\">{\"@context\":\"https:\/\/schema.org\",\"@graph\":[{\"@type\":\"WebPage\",\"@id\":\"https:\/\/cpejr.com\/index.php\/servicos\/\",\"url\":\"https:\/\/cpejr.com\/index.php\/servicos\/\",\"name\":\"SW - CPE Jr\",\"isPartOf\":{\"@id\":\"https:\/\/cpejr.com\/#website\"},\"primaryImageOfPage\":{\"@id\":\"https:\/\/cpejr.com\/index.php\/servicos\/#primaryimage\"},\"image\":{\"@id\":\"https:\/\/cpejr.com\/index.php\/servicos\/#primaryimage\"},\"thumbnailUrl\":\"https:\/\/cpejr.com\/wp-content\/uploads\/2026\/02\/ws-1024x693.gif\",\"datePublished\":\"2026-01-20T22:10:04+00:00\",\"dateModified\":\"2026-03-10T11:08:41+00:00\",\"breadcrumb\":{\"@id\":\"https:\/\/cpejr.com\/index.php\/servicos\/#breadcrumb\"},\"inLanguage\":\"en-US\",\"potentialAction\":[{\"@type\":\"ReadAction\",\"target\":[\"https:\/\/cpejr.com\/index.php\/servicos\/\"]}]},{\"@type\":\"ImageObject\",\"inLanguage\":\"en-US\",\"@id\":\"https:\/\/cpejr.com\/index.php\/servicos\/#primaryimage\",\"url\":\"https:\/\/cpejr.com\/wp-content\/uploads\/2026\/02\/ws.gif\",\"contentUrl\":\"https:\/\/cpejr.com\/wp-content\/uploads\/2026\/02\/ws.gif\",\"width\":2074,\"height\":1404},{\"@type\":\"BreadcrumbList\",\"@id\":\"https:\/\/cpejr.com\/index.php\/servicos\/#breadcrumb\",\"itemListElement\":[{\"@type\":\"ListItem\",\"position\":1,\"name\":\"Home\",\"item\":\"https:\/\/cpejr.com\/\"},{\"@type\":\"ListItem\",\"position\":2,\"name\":\"SW\"}]},{\"@type\":\"WebSite\",\"@id\":\"https:\/\/cpejr.com\/#website\",\"url\":\"https:\/\/cpejr.com\/\",\"name\":\"CPE Jr\",\"description\":\"\",\"publisher\":{\"@id\":\"https:\/\/cpejr.com\/#organization\"},\"potentialAction\":[{\"@type\":\"SearchAction\",\"target\":{\"@type\":\"EntryPoint\",\"urlTemplate\":\"https:\/\/cpejr.com\/?s={search_term_string}\"},\"query-input\":{\"@type\":\"PropertyValueSpecification\",\"valueRequired\":true,\"valueName\":\"search_term_string\"}}],\"inLanguage\":\"en-US\"},{\"@type\":\"Organization\",\"@id\":\"https:\/\/cpejr.com\/#organization\",\"name\":\"CPE Jr\",\"url\":\"https:\/\/cpejr.com\/\",\"logo\":{\"@type\":\"ImageObject\",\"inLanguage\":\"en-US\",\"@id\":\"https:\/\/cpejr.com\/#\/schema\/logo\/image\/\",\"url\":\"https:\/\/cpejr.com\/wp-content\/uploads\/2026\/01\/cropped-Screenshot_2026-01-28_at_08-01-50_Editavel_-_Google_Drive-removebg-preview.png\",\"contentUrl\":\"https:\/\/cpejr.com\/wp-content\/uploads\/2026\/01\/cropped-Screenshot_2026-01-28_at_08-01-50_Editavel_-_Google_Drive-removebg-preview.png\",\"width\":500,\"height\":177,\"caption\":\"CPE Jr\"},\"image\":{\"@id\":\"https:\/\/cpejr.com\/#\/schema\/logo\/image\/\"}}]}<\/script>\n<!-- \/ Yoast SEO plugin. -->","yoast_head_json":{"title":"SW - CPE Jr","robots":{"index":"index","follow":"follow","max-snippet":"max-snippet:-1","max-image-preview":"max-image-preview:large","max-video-preview":"max-video-preview:-1"},"canonical":"https:\/\/cpejr.com\/index.php\/servicos\/","og_locale":"en_US","og_type":"article","og_title":"SW - CPE Jr","og_description":"Sistema Web O Sistema Web \u00e9 uma p\u00e1gina da Web que apresenta dinamicidade em suas informa\u00e7\u00f5es. Geralmente s\u00e3o utilizados para [&hellip;]","og_url":"https:\/\/cpejr.com\/index.php\/servicos\/","og_site_name":"CPE Jr","article_modified_time":"2026-03-10T11:08:41+00:00","og_image":[{"width":2074,"height":1404,"url":"https:\/\/cpejr.com\/wp-content\/uploads\/2026\/02\/ws.gif","type":"image\/gif"}],"twitter_card":"summary_large_image","twitter_misc":{"Est. reading time":"1 minute"},"schema":{"@context":"https:\/\/schema.org","@graph":[{"@type":"WebPage","@id":"https:\/\/cpejr.com\/index.php\/servicos\/","url":"https:\/\/cpejr.com\/index.php\/servicos\/","name":"SW - CPE Jr","isPartOf":{"@id":"https:\/\/cpejr.com\/#website"},"primaryImageOfPage":{"@id":"https:\/\/cpejr.com\/index.php\/servicos\/#primaryimage"},"image":{"@id":"https:\/\/cpejr.com\/index.php\/servicos\/#primaryimage"},"thumbnailUrl":"https:\/\/cpejr.com\/wp-content\/uploads\/2026\/02\/ws-1024x693.gif","datePublished":"2026-01-20T22:10:04+00:00","dateModified":"2026-03-10T11:08:41+00:00","breadcrumb":{"@id":"https:\/\/cpejr.com\/index.php\/servicos\/#breadcrumb"},"inLanguage":"en-US","potentialAction":[{"@type":"ReadAction","target":["https:\/\/cpejr.com\/index.php\/servicos\/"]}]},{"@type":"ImageObject","inLanguage":"en-US","@id":"https:\/\/cpejr.com\/index.php\/servicos\/#primaryimage","url":"https:\/\/cpejr.com\/wp-content\/uploads\/2026\/02\/ws.gif","contentUrl":"https:\/\/cpejr.com\/wp-content\/uploads\/2026\/02\/ws.gif","width":2074,"height":1404},{"@type":"BreadcrumbList","@id":"https:\/\/cpejr.com\/index.php\/servicos\/#breadcrumb","itemListElement":[{"@type":"ListItem","position":1,"name":"Home","item":"https:\/\/cpejr.com\/"},{"@type":"ListItem","position":2,"name":"SW"}]},{"@type":"WebSite","@id":"https:\/\/cpejr.com\/#website","url":"https:\/\/cpejr.com\/","name":"CPE Jr","description":"","publisher":{"@id":"https:\/\/cpejr.com\/#organization"},"potentialAction":[{"@type":"SearchAction","target":{"@type":"EntryPoint","urlTemplate":"https:\/\/cpejr.com\/?s={search_term_string}"},"query-input":{"@type":"PropertyValueSpecification","valueRequired":true,"valueName":"search_term_string"}}],"inLanguage":"en-US"},{"@type":"Organization","@id":"https:\/\/cpejr.com\/#organization","name":"CPE Jr","url":"https:\/\/cpejr.com\/","logo":{"@type":"ImageObject","inLanguage":"en-US","@id":"https:\/\/cpejr.com\/#\/schema\/logo\/image\/","url":"https:\/\/cpejr.com\/wp-content\/uploads\/2026\/01\/cropped-Screenshot_2026-01-28_at_08-01-50_Editavel_-_Google_Drive-removebg-preview.png","contentUrl":"https:\/\/cpejr.com\/wp-content\/uploads\/2026\/01\/cropped-Screenshot_2026-01-28_at_08-01-50_Editavel_-_Google_Drive-removebg-preview.png","width":500,"height":177,"caption":"CPE Jr"},"image":{"@id":"https:\/\/cpejr.com\/#\/schema\/logo\/image\/"}}]}},"_links":{"self":[{"href":"https:\/\/cpejr.com\/index.php\/wp-json\/wp\/v2\/pages\/17","targetHints":{"allow":["GET"]}}],"collection":[{"href":"https:\/\/cpejr.com\/index.php\/wp-json\/wp\/v2\/pages"}],"about":[{"href":"https:\/\/cpejr.com\/index.php\/wp-json\/wp\/v2\/types\/page"}],"author":[{"embeddable":true,"href":"https:\/\/cpejr.com\/index.php\/wp-json\/wp\/v2\/users\/1"}],"replies":[{"embeddable":true,"href":"https:\/\/cpejr.com\/index.php\/wp-json\/wp\/v2\/comments?post=17"}],"version-history":[{"count":29,"href":"https:\/\/cpejr.com\/index.php\/wp-json\/wp\/v2\/pages\/17\/revisions"}],"predecessor-version":[{"id":775,"href":"https:\/\/cpejr.com\/index.php\/wp-json\/wp\/v2\/pages\/17\/revisions\/775"}],"wp:attachment":[{"href":"https:\/\/cpejr.com\/index.php\/wp-json\/wp\/v2\/media?parent=17"}],"curies":[{"name":"wp","href":"https:\/\/api.w.org\/{rel}","templated":true}]}}