{"id":338,"date":"2026-02-03T23:47:02","date_gmt":"2026-02-03T23:47:02","guid":{"rendered":"https:\/\/cpejr.com\/?page_id=338"},"modified":"2026-03-10T11:49:30","modified_gmt":"2026-03-10T11:49:30","slug":"sites","status":"publish","type":"page","link":"https:\/\/cpejr.com\/index.php\/sites\/","title":{"rendered":"Sites"},"content":{"rendered":"\t\t<div data-elementor-type=\"wp-page\" data-elementor-id=\"338\" class=\"elementor elementor-338\" data-elementor-post-type=\"page\">\n\t\t\t\t<div class=\"elementor-element elementor-element-14cadaa e-flex e-con-boxed e-con e-parent\" data-id=\"14cadaa\" data-element_type=\"container\">\n\t\t\t\t\t<div class=\"e-con-inner\">\n\t\t<div class=\"elementor-element elementor-element-e0ea6ee e-con-full e-flex e-con e-child\" data-id=\"e0ea6ee\" data-element_type=\"container\">\n\t\t\t\t<div class=\"elementor-element elementor-element-2d37dc8 elementor-widget elementor-widget-heading\" data-id=\"2d37dc8\" data-element_type=\"widget\" data-widget_type=\"heading.default\">\n\t\t\t\t\t<h1 class=\"elementor-heading-title elementor-size-default\">Site<\/h1>\t\t\t\t<\/div>\n\t\t\t\t<div class=\"elementor-element elementor-element-6b96fff elementor-widget elementor-widget-text-editor\" data-id=\"6b96fff\" data-element_type=\"widget\" data-widget_type=\"text-editor.default\">\n\t\t\t\t\t\t\t\t\t<p><span class=\"a_GcMg font-feature-liga-off font-feature-clig-off font-feature-calt-off text-decoration-none text-strikethrough-none\">O <\/span><span class=\"a_GcMg font-feature-liga-off font-feature-clig-off font-feature-calt-off text-decoration-none text-strikethrough-none\">Site <\/span><span class=\"a_GcMg font-feature-liga-off font-feature-clig-off font-feature-calt-off text-decoration-none text-strikethrough-none\">\u00e9 uma p\u00e1gina da Web, geralmente <\/span><strong><span class=\"a_GcMg font-feature-liga-off font-feature-clig-off font-feature-calt-off text-decoration-none text-strikethrough-none\">est\u00e1tica<\/span><\/strong><span class=\"a_GcMg font-feature-liga-off font-feature-clig-off font-feature-calt-off text-decoration-none text-strikethrough-none\">, que permite a <\/span><strong><span class=\"a_GcMg font-feature-liga-off font-feature-clig-off font-feature-calt-off text-decoration-none text-strikethrough-none\">exposi\u00e7\u00e3o<\/span><\/strong><span class=\"a_GcMg font-feature-liga-off font-feature-clig-off font-feature-calt-off text-decoration-none text-strikethrough-none\"> de textos e imagens da institui\u00e7\u00e3o. A maioria deles \u00e9 realizada em WordPress o que permite a rapidez de sua montagem.<\/span><\/p>\t\t\t\t\t\t\t\t<\/div>\n\t\t\t\t<\/div>\n\t\t<div class=\"elementor-element elementor-element-3e68641 e-con-full e-flex e-con e-child\" data-id=\"3e68641\" data-element_type=\"container\">\n\t\t\t\t<div class=\"elementor-element elementor-element-da7b6cb elementor-widget elementor-widget-image\" data-id=\"da7b6cb\" data-element_type=\"widget\" data-widget_type=\"image.default\">\n\t\t\t\t\t\t\t\t\t\t\t\t\t\t\t<img fetchpriority=\"high\" decoding=\"async\" width=\"512\" height=\"512\" src=\"https:\/\/cpejr.com\/wp-content\/uploads\/2026\/02\/wp.png\" class=\"attachment-large size-large wp-image-251\" alt=\"\" srcset=\"https:\/\/cpejr.com\/wp-content\/uploads\/2026\/02\/wp.png 512w, https:\/\/cpejr.com\/wp-content\/uploads\/2026\/02\/wp-300x300.png 300w, https:\/\/cpejr.com\/wp-content\/uploads\/2026\/02\/wp-150x150.png 150w\" sizes=\"(max-width: 512px) 100vw, 512px\" \/>\t\t\t\t\t\t\t\t\t\t\t\t\t\t\t<\/div>\n\t\t\t\t<\/div>\n\t\t<div class=\"elementor-element elementor-element-d172104 e-con-full e-flex e-con e-child\" data-id=\"d172104\" data-element_type=\"container\">\n\t\t\t\t<div class=\"elementor-element elementor-element-1198b78 elementor-widget elementor-widget-heading\" data-id=\"1198b78\" data-element_type=\"widget\" data-widget_type=\"heading.default\">\n\t\t\t\t\t<h2 class=\"elementor-heading-title elementor-size-default\">Vantagens<\/h2>\t\t\t\t<\/div>\n\t\t\t\t<div class=\"elementor-element elementor-element-2977561 elementor-widget elementor-widget-text-editor\" data-id=\"2977561\" data-element_type=\"widget\" data-widget_type=\"text-editor.default\">\n\t\t\t\t\t\t\t\t\t<ul><li><span class=\"a_GcMg font-feature-liga-off font-feature-clig-off font-feature-calt-off text-decoration-none text-strikethrough-none\">Simples e r\u00e1pido<\/span><\/li><li><span class=\"a_GcMg font-feature-liga-off font-feature-clig-off font-feature-calt-off text-decoration-none text-strikethrough-none\">Potencializa o marketing<\/span><\/li><li><span class=\"a_GcMg font-feature-liga-off font-feature-clig-off font-feature-calt-off text-decoration-none text-strikethrough-none\">F\u00e1cil corre\u00e7\u00e3o de informa\u00e7\u00f5es<\/span><\/li><\/ul>\t\t\t\t\t\t\t\t<\/div>\n\t\t\t\t<div class=\"elementor-element elementor-element-f305a89 elementor-widget elementor-widget-heading\" data-id=\"f305a89\" data-element_type=\"widget\" data-widget_type=\"heading.default\">\n\t\t\t\t\t<h2 class=\"elementor-heading-title elementor-size-default\">Nosso Clientes<\/h2>\t\t\t\t<\/div>\n\t\t\t\t<div class=\"elementor-element elementor-element-24898f0 elementor-widget elementor-widget-image\" data-id=\"24898f0\" data-element_type=\"widget\" data-widget_type=\"image.default\">\n\t\t\t\t\t\t\t\t\t\t\t\t\t\t\t<img decoding=\"async\" width=\"1024\" height=\"474\" src=\"https:\/\/cpejr.com\/wp-content\/uploads\/2026\/02\/Untitled-design-7-1024x474.png\" class=\"attachment-large size-large wp-image-602\" alt=\"\" srcset=\"https:\/\/cpejr.com\/wp-content\/uploads\/2026\/02\/Untitled-design-7-1024x474.png 1024w, https:\/\/cpejr.com\/wp-content\/uploads\/2026\/02\/Untitled-design-7-300x139.png 300w, https:\/\/cpejr.com\/wp-content\/uploads\/2026\/02\/Untitled-design-7-768x355.png 768w, https:\/\/cpejr.com\/wp-content\/uploads\/2026\/02\/Untitled-design-7.png 1094w\" sizes=\"(max-width: 1024px) 100vw, 1024px\" \/>\t\t\t\t\t\t\t\t\t\t\t\t\t\t\t<\/div>\n\t\t\t\t<div class=\"elementor-element elementor-element-11ecfe3 elementor-widget elementor-widget-image\" data-id=\"11ecfe3\" data-element_type=\"widget\" data-widget_type=\"image.default\">\n\t\t\t\t\t\t\t\t\t\t\t\t\t\t\t<img decoding=\"async\" width=\"1024\" height=\"474\" src=\"https:\/\/cpejr.com\/wp-content\/uploads\/2026\/02\/Untitled-design-6-1024x474.png\" class=\"attachment-large size-large wp-image-603\" alt=\"\" srcset=\"https:\/\/cpejr.com\/wp-content\/uploads\/2026\/02\/Untitled-design-6-1024x474.png 1024w, https:\/\/cpejr.com\/wp-content\/uploads\/2026\/02\/Untitled-design-6-300x139.png 300w, https:\/\/cpejr.com\/wp-content\/uploads\/2026\/02\/Untitled-design-6-768x355.png 768w, https:\/\/cpejr.com\/wp-content\/uploads\/2026\/02\/Untitled-design-6.png 1083w\" sizes=\"(max-width: 1024px) 100vw, 1024px\" \/>\t\t\t\t\t\t\t\t\t\t\t\t\t\t\t<\/div>\n\t\t\t\t<div class=\"elementor-element elementor-element-01e3cd2 elementor-align-center e-transform e-transform elementor-widget elementor-widget-button\" data-id=\"01e3cd2\" data-element_type=\"widget\" data-settings=\"{&quot;_transform_scale_effect_hover&quot;:{&quot;unit&quot;:&quot;px&quot;,&quot;size&quot;:1.1999999999999999555910790149937383830547332763671875,&quot;sizes&quot;:[]},&quot;_transform_scaleX_effect&quot;:{&quot;unit&quot;:&quot;px&quot;,&quot;size&quot;:&quot;&quot;,&quot;sizes&quot;:[]},&quot;_transform_scaleX_effect_tablet&quot;:{&quot;unit&quot;:&quot;px&quot;,&quot;size&quot;:&quot;&quot;,&quot;sizes&quot;:[]},&quot;_transform_scaleX_effect_mobile&quot;:{&quot;unit&quot;:&quot;px&quot;,&quot;size&quot;:&quot;&quot;,&quot;sizes&quot;:[]},&quot;_transform_scaleY_effect&quot;:{&quot;unit&quot;:&quot;px&quot;,&quot;size&quot;:&quot;&quot;,&quot;sizes&quot;:[]},&quot;_transform_scaleY_effect_tablet&quot;:{&quot;unit&quot;:&quot;px&quot;,&quot;size&quot;:&quot;&quot;,&quot;sizes&quot;:[]},&quot;_transform_scaleY_effect_mobile&quot;:{&quot;unit&quot;:&quot;px&quot;,&quot;size&quot;:&quot;&quot;,&quot;sizes&quot;:[]},&quot;_transform_scale_effect_hover_tablet&quot;:{&quot;unit&quot;:&quot;px&quot;,&quot;size&quot;:&quot;&quot;,&quot;sizes&quot;:[]},&quot;_transform_scale_effect_hover_mobile&quot;:{&quot;unit&quot;:&quot;px&quot;,&quot;size&quot;:&quot;&quot;,&quot;sizes&quot;:[]}}\" data-widget_type=\"button.default\">\n\t\t\t\t\t\t\t\t\t\t<a class=\"elementor-button elementor-button-link elementor-size-sm\" href=\"\/index.php\/contato\">\n\t\t\t\t\t\t<span class=\"elementor-button-content-wrapper\">\n\t\t\t\t\t\t\t\t\t<span class=\"elementor-button-text\">AGENDE UM OR\u00c7AMENTO<\/span>\n\t\t\t\t\t<\/span>\n\t\t\t\t\t<\/a>\n\t\t\t\t\t\t\t\t<\/div>\n\t\t\t\t<\/div>\n\t\t\t\t\t<\/div>\n\t\t\t\t<\/div>\n\t\t\t\t<\/div>\n\t\t","protected":false},"excerpt":{"rendered":"<p>Site O Site \u00e9 uma p\u00e1gina da Web, geralmente est\u00e1tica, que permite a exposi\u00e7\u00e3o de textos e imagens da institui\u00e7\u00e3o. [&hellip;]<\/p>\n","protected":false},"author":1,"featured_media":0,"parent":0,"menu_order":0,"comment_status":"closed","ping_status":"closed","template":"","meta":{"_crdt_document":"","site-sidebar-layout":"no-sidebar","site-content-layout":"","ast-site-content-layout":"full-width-container","site-content-style":"default","site-sidebar-style":"default","ast-global-header-display":"","ast-banner-title-visibility":"","ast-main-header-display":"","ast-hfb-above-header-display":"","ast-hfb-below-header-display":"","ast-hfb-mobile-header-display":"","site-post-title":"disabled","ast-breadcrumbs-content":"","ast-featured-img":"disabled","footer-sml-layout":"","ast-disable-related-posts":"","theme-transparent-header-meta":"","adv-header-id-meta":"","stick-header-meta":"","header-above-stick-meta":"","header-main-stick-meta":"","header-below-stick-meta":"","astra-migrate-meta-layouts":"default","ast-page-background-enabled":"default","ast-page-background-meta":{"desktop":{"background-color":"var(--ast-global-color-5)","background-image":"","background-repeat":"repeat","background-position":"center center","background-size":"auto","background-attachment":"scroll","background-type":"","background-media":"","overlay-type":"","overlay-color":"","overlay-opacity":"","overlay-gradient":""},"tablet":{"background-color":"","background-image":"","background-repeat":"repeat","background-position":"center center","background-size":"auto","background-attachment":"scroll","background-type":"","background-media":"","overlay-type":"","overlay-color":"","overlay-opacity":"","overlay-gradient":""},"mobile":{"background-color":"","background-image":"","background-repeat":"repeat","background-position":"center center","background-size":"auto","background-attachment":"scroll","background-type":"","background-media":"","overlay-type":"","overlay-color":"","overlay-opacity":"","overlay-gradient":""}},"ast-content-background-meta":{"desktop":{"background-color":"var(--ast-global-color-4)","background-image":"","background-repeat":"repeat","background-position":"center center","background-size":"auto","background-attachment":"scroll","background-type":"","background-media":"","overlay-type":"","overlay-color":"","overlay-opacity":"","overlay-gradient":""},"tablet":{"background-color":"var(--ast-global-color-4)","background-image":"","background-repeat":"repeat","background-position":"center center","background-size":"auto","background-attachment":"scroll","background-type":"","background-media":"","overlay-type":"","overlay-color":"","overlay-opacity":"","overlay-gradient":""},"mobile":{"background-color":"var(--ast-global-color-4)","background-image":"","background-repeat":"repeat","background-position":"center center","background-size":"auto","background-attachment":"scroll","background-type":"","background-media":"","overlay-type":"","overlay-color":"","overlay-opacity":"","overlay-gradient":""}},"footnotes":""},"class_list":["post-338","page","type-page","status-publish","hentry"],"yoast_head":"<!-- This site is optimized with the Yoast SEO plugin v26.8 - https:\/\/yoast.com\/product\/yoast-seo-wordpress\/ -->\n<title>Sites - CPE Jr<\/title>\n<meta name=\"robots\" content=\"index, follow, max-snippet:-1, max-image-preview:large, max-video-preview:-1\" \/>\n<link rel=\"canonical\" href=\"https:\/\/cpejr.com\/index.php\/sites\/\" \/>\n<meta property=\"og:locale\" content=\"en_US\" \/>\n<meta property=\"og:type\" content=\"article\" \/>\n<meta property=\"og:title\" content=\"Sites - CPE Jr\" \/>\n<meta property=\"og:description\" content=\"Site O Site \u00e9 uma p\u00e1gina da Web, geralmente est\u00e1tica, que permite a exposi\u00e7\u00e3o de textos e imagens da institui\u00e7\u00e3o. [&hellip;]\" \/>\n<meta property=\"og:url\" content=\"https:\/\/cpejr.com\/index.php\/sites\/\" \/>\n<meta property=\"og:site_name\" content=\"CPE Jr\" \/>\n<meta property=\"article:modified_time\" content=\"2026-03-10T11:49:30+00:00\" \/>\n<meta property=\"og:image\" content=\"https:\/\/cpejr.com\/wp-content\/uploads\/2026\/02\/wp.png\" \/>\n<meta name=\"twitter:card\" content=\"summary_large_image\" \/>\n<meta name=\"twitter:label1\" content=\"Est. reading time\" \/>\n\t<meta name=\"twitter:data1\" content=\"1 minute\" \/>\n<script type=\"application\/ld+json\" class=\"yoast-schema-graph\">{\"@context\":\"https:\/\/schema.org\",\"@graph\":[{\"@type\":\"WebPage\",\"@id\":\"https:\/\/cpejr.com\/index.php\/sites\/\",\"url\":\"https:\/\/cpejr.com\/index.php\/sites\/\",\"name\":\"Sites - CPE Jr\",\"isPartOf\":{\"@id\":\"https:\/\/cpejr.com\/#website\"},\"primaryImageOfPage\":{\"@id\":\"https:\/\/cpejr.com\/index.php\/sites\/#primaryimage\"},\"image\":{\"@id\":\"https:\/\/cpejr.com\/index.php\/sites\/#primaryimage\"},\"thumbnailUrl\":\"https:\/\/cpejr.com\/wp-content\/uploads\/2026\/02\/wp.png\",\"datePublished\":\"2026-02-03T23:47:02+00:00\",\"dateModified\":\"2026-03-10T11:49:30+00:00\",\"breadcrumb\":{\"@id\":\"https:\/\/cpejr.com\/index.php\/sites\/#breadcrumb\"},\"inLanguage\":\"en-US\",\"potentialAction\":[{\"@type\":\"ReadAction\",\"target\":[\"https:\/\/cpejr.com\/index.php\/sites\/\"]}]},{\"@type\":\"ImageObject\",\"inLanguage\":\"en-US\",\"@id\":\"https:\/\/cpejr.com\/index.php\/sites\/#primaryimage\",\"url\":\"https:\/\/cpejr.com\/wp-content\/uploads\/2026\/02\/wp.png\",\"contentUrl\":\"https:\/\/cpejr.com\/wp-content\/uploads\/2026\/02\/wp.png\",\"width\":512,\"height\":512},{\"@type\":\"BreadcrumbList\",\"@id\":\"https:\/\/cpejr.com\/index.php\/sites\/#breadcrumb\",\"itemListElement\":[{\"@type\":\"ListItem\",\"position\":1,\"name\":\"Home\",\"item\":\"https:\/\/cpejr.com\/\"},{\"@type\":\"ListItem\",\"position\":2,\"name\":\"Sites\"}]},{\"@type\":\"WebSite\",\"@id\":\"https:\/\/cpejr.com\/#website\",\"url\":\"https:\/\/cpejr.com\/\",\"name\":\"CPE Jr\",\"description\":\"\",\"publisher\":{\"@id\":\"https:\/\/cpejr.com\/#organization\"},\"potentialAction\":[{\"@type\":\"SearchAction\",\"target\":{\"@type\":\"EntryPoint\",\"urlTemplate\":\"https:\/\/cpejr.com\/?s={search_term_string}\"},\"query-input\":{\"@type\":\"PropertyValueSpecification\",\"valueRequired\":true,\"valueName\":\"search_term_string\"}}],\"inLanguage\":\"en-US\"},{\"@type\":\"Organization\",\"@id\":\"https:\/\/cpejr.com\/#organization\",\"name\":\"CPE Jr\",\"url\":\"https:\/\/cpejr.com\/\",\"logo\":{\"@type\":\"ImageObject\",\"inLanguage\":\"en-US\",\"@id\":\"https:\/\/cpejr.com\/#\/schema\/logo\/image\/\",\"url\":\"https:\/\/cpejr.com\/wp-content\/uploads\/2026\/01\/cropped-Screenshot_2026-01-28_at_08-01-50_Editavel_-_Google_Drive-removebg-preview.png\",\"contentUrl\":\"https:\/\/cpejr.com\/wp-content\/uploads\/2026\/01\/cropped-Screenshot_2026-01-28_at_08-01-50_Editavel_-_Google_Drive-removebg-preview.png\",\"width\":500,\"height\":177,\"caption\":\"CPE Jr\"},\"image\":{\"@id\":\"https:\/\/cpejr.com\/#\/schema\/logo\/image\/\"}}]}<\/script>\n<!-- \/ Yoast SEO plugin. -->","yoast_head_json":{"title":"Sites - CPE Jr","robots":{"index":"index","follow":"follow","max-snippet":"max-snippet:-1","max-image-preview":"max-image-preview:large","max-video-preview":"max-video-preview:-1"},"canonical":"https:\/\/cpejr.com\/index.php\/sites\/","og_locale":"en_US","og_type":"article","og_title":"Sites - CPE Jr","og_description":"Site O Site \u00e9 uma p\u00e1gina da Web, geralmente est\u00e1tica, que permite a exposi\u00e7\u00e3o de textos e imagens da institui\u00e7\u00e3o. [&hellip;]","og_url":"https:\/\/cpejr.com\/index.php\/sites\/","og_site_name":"CPE Jr","article_modified_time":"2026-03-10T11:49:30+00:00","og_image":[{"url":"https:\/\/cpejr.com\/wp-content\/uploads\/2026\/02\/wp.png","type":"","width":"","height":""}],"twitter_card":"summary_large_image","twitter_misc":{"Est. reading time":"1 minute"},"schema":{"@context":"https:\/\/schema.org","@graph":[{"@type":"WebPage","@id":"https:\/\/cpejr.com\/index.php\/sites\/","url":"https:\/\/cpejr.com\/index.php\/sites\/","name":"Sites - CPE Jr","isPartOf":{"@id":"https:\/\/cpejr.com\/#website"},"primaryImageOfPage":{"@id":"https:\/\/cpejr.com\/index.php\/sites\/#primaryimage"},"image":{"@id":"https:\/\/cpejr.com\/index.php\/sites\/#primaryimage"},"thumbnailUrl":"https:\/\/cpejr.com\/wp-content\/uploads\/2026\/02\/wp.png","datePublished":"2026-02-03T23:47:02+00:00","dateModified":"2026-03-10T11:49:30+00:00","breadcrumb":{"@id":"https:\/\/cpejr.com\/index.php\/sites\/#breadcrumb"},"inLanguage":"en-US","potentialAction":[{"@type":"ReadAction","target":["https:\/\/cpejr.com\/index.php\/sites\/"]}]},{"@type":"ImageObject","inLanguage":"en-US","@id":"https:\/\/cpejr.com\/index.php\/sites\/#primaryimage","url":"https:\/\/cpejr.com\/wp-content\/uploads\/2026\/02\/wp.png","contentUrl":"https:\/\/cpejr.com\/wp-content\/uploads\/2026\/02\/wp.png","width":512,"height":512},{"@type":"BreadcrumbList","@id":"https:\/\/cpejr.com\/index.php\/sites\/#breadcrumb","itemListElement":[{"@type":"ListItem","position":1,"name":"Home","item":"https:\/\/cpejr.com\/"},{"@type":"ListItem","position":2,"name":"Sites"}]},{"@type":"WebSite","@id":"https:\/\/cpejr.com\/#website","url":"https:\/\/cpejr.com\/","name":"CPE Jr","description":"","publisher":{"@id":"https:\/\/cpejr.com\/#organization"},"potentialAction":[{"@type":"SearchAction","target":{"@type":"EntryPoint","urlTemplate":"https:\/\/cpejr.com\/?s={search_term_string}"},"query-input":{"@type":"PropertyValueSpecification","valueRequired":true,"valueName":"search_term_string"}}],"inLanguage":"en-US"},{"@type":"Organization","@id":"https:\/\/cpejr.com\/#organization","name":"CPE Jr","url":"https:\/\/cpejr.com\/","logo":{"@type":"ImageObject","inLanguage":"en-US","@id":"https:\/\/cpejr.com\/#\/schema\/logo\/image\/","url":"https:\/\/cpejr.com\/wp-content\/uploads\/2026\/01\/cropped-Screenshot_2026-01-28_at_08-01-50_Editavel_-_Google_Drive-removebg-preview.png","contentUrl":"https:\/\/cpejr.com\/wp-content\/uploads\/2026\/01\/cropped-Screenshot_2026-01-28_at_08-01-50_Editavel_-_Google_Drive-removebg-preview.png","width":500,"height":177,"caption":"CPE Jr"},"image":{"@id":"https:\/\/cpejr.com\/#\/schema\/logo\/image\/"}}]}},"_links":{"self":[{"href":"https:\/\/cpejr.com\/index.php\/wp-json\/wp\/v2\/pages\/338","targetHints":{"allow":["GET"]}}],"collection":[{"href":"https:\/\/cpejr.com\/index.php\/wp-json\/wp\/v2\/pages"}],"about":[{"href":"https:\/\/cpejr.com\/index.php\/wp-json\/wp\/v2\/types\/page"}],"author":[{"embeddable":true,"href":"https:\/\/cpejr.com\/index.php\/wp-json\/wp\/v2\/users\/1"}],"replies":[{"embeddable":true,"href":"https:\/\/cpejr.com\/index.php\/wp-json\/wp\/v2\/comments?post=338"}],"version-history":[{"count":13,"href":"https:\/\/cpejr.com\/index.php\/wp-json\/wp\/v2\/pages\/338\/revisions"}],"predecessor-version":[{"id":790,"href":"https:\/\/cpejr.com\/index.php\/wp-json\/wp\/v2\/pages\/338\/revisions\/790"}],"wp:attachment":[{"href":"https:\/\/cpejr.com\/index.php\/wp-json\/wp\/v2\/media?parent=338"}],"curies":[{"name":"wp","href":"https:\/\/api.w.org\/{rel}","templated":true}]}}