{"id":340,"date":"2026-02-03T23:47:28","date_gmt":"2026-02-03T23:47:28","guid":{"rendered":"https:\/\/cpejr.com\/?page_id=340"},"modified":"2026-03-10T11:07:51","modified_gmt":"2026-03-10T11:07:51","slug":"prototipagem","status":"publish","type":"page","link":"https:\/\/cpejr.com\/index.php\/prototipagem\/","title":{"rendered":"Prototipagem"},"content":{"rendered":"\t\t<div data-elementor-type=\"wp-page\" data-elementor-id=\"340\" class=\"elementor elementor-340\" data-elementor-post-type=\"page\">\n\t\t\t\t<div class=\"elementor-element elementor-element-3219d75 e-flex e-con-boxed e-con e-parent\" data-id=\"3219d75\" data-element_type=\"container\">\n\t\t\t\t\t<div class=\"e-con-inner\">\n\t\t<div class=\"elementor-element elementor-element-17228d8 e-con-full e-flex e-con e-child\" data-id=\"17228d8\" data-element_type=\"container\">\n\t\t<div class=\"elementor-element elementor-element-40d392d e-con-full e-flex e-con e-child\" data-id=\"40d392d\" data-element_type=\"container\">\n\t\t<div class=\"elementor-element elementor-element-30a1e4b e-con-full e-flex e-con e-child\" data-id=\"30a1e4b\" data-element_type=\"container\">\n\t\t<div class=\"elementor-element elementor-element-a3fe695 e-con-full e-flex e-con e-child\" data-id=\"a3fe695\" data-element_type=\"container\">\n\t\t\t\t<div class=\"elementor-element elementor-element-cd5e5e2 elementor-widget elementor-widget-heading\" data-id=\"cd5e5e2\" data-element_type=\"widget\" data-widget_type=\"heading.default\">\n\t\t\t\t\t<h1 class=\"elementor-heading-title elementor-size-default\">Prototipagem<\/h1>\t\t\t\t<\/div>\n\t\t\t\t<div class=\"elementor-element elementor-element-deae232 elementor-widget elementor-widget-text-editor\" data-id=\"deae232\" data-element_type=\"widget\" data-widget_type=\"text-editor.default\">\n\t\t\t\t\t\t\t\t\t<p><span class=\"a_GcMg font-feature-liga-off font-feature-clig-off font-feature-calt-off text-decoration-none text-strikethrough-none\">A <strong>Prototipagem<\/strong> \u00e9 o servi\u00e7o de concretizar uma ideia <strong>inovadora<\/strong> por meio de uma vers\u00e3o simplificada (Minimum Viable Product &#8211; MVP). Uma ideia sempre deve ser aproveitada, e esse tipo de servi\u00e7o \u00e9 o primeiro passo para um novo neg\u00f3cio inovador e disruptivo.<\/span><\/p>\t\t\t\t\t\t\t\t<\/div>\n\t\t\t\t<\/div>\n\t\t<div class=\"elementor-element elementor-element-3f29f0d e-con-full e-flex e-con e-child\" data-id=\"3f29f0d\" data-element_type=\"container\">\n\t\t\t\t<div class=\"elementor-element elementor-element-ca7ae4c elementor-widget elementor-widget-image\" data-id=\"ca7ae4c\" data-element_type=\"widget\" data-widget_type=\"image.default\">\n\t\t\t\t\t\t\t\t\t\t\t\t\t\t\t<img fetchpriority=\"high\" decoding=\"async\" width=\"388\" height=\"389\" src=\"https:\/\/cpejr.com\/wp-content\/uploads\/2026\/02\/Screenshot-From-2026-02-19-10-30-22.png\" class=\"attachment-large size-large wp-image-699\" alt=\"\" srcset=\"https:\/\/cpejr.com\/wp-content\/uploads\/2026\/02\/Screenshot-From-2026-02-19-10-30-22.png 388w, https:\/\/cpejr.com\/wp-content\/uploads\/2026\/02\/Screenshot-From-2026-02-19-10-30-22-300x300.png 300w, https:\/\/cpejr.com\/wp-content\/uploads\/2026\/02\/Screenshot-From-2026-02-19-10-30-22-150x150.png 150w\" sizes=\"(max-width: 388px) 100vw, 388px\" \/>\t\t\t\t\t\t\t\t\t\t\t\t\t\t\t<\/div>\n\t\t\t\t<\/div>\n\t\t<div class=\"elementor-element elementor-element-05d0a02 e-con-full e-flex e-con e-child\" data-id=\"05d0a02\" data-element_type=\"container\">\n\t\t\t\t<div class=\"elementor-element elementor-element-d99c201 elementor-widget elementor-widget-heading\" data-id=\"d99c201\" data-element_type=\"widget\" data-widget_type=\"heading.default\">\n\t\t\t\t\t<h2 class=\"elementor-heading-title elementor-size-default\">Vantagens<\/h2>\t\t\t\t<\/div>\n\t\t\t\t<div class=\"elementor-element elementor-element-e7ecec7 elementor-widget elementor-widget-text-editor\" data-id=\"e7ecec7\" data-element_type=\"widget\" data-widget_type=\"text-editor.default\">\n\t\t\t\t\t\t\t\t\t<ul><li><span class=\"a_GcMg font-feature-liga-off font-feature-clig-off font-feature-calt-off text-decoration-none text-strikethrough-none\">Personaliza\u00e7\u00e3o do servi\u00e7o<\/span><\/li><li><span class=\"a_GcMg font-feature-liga-off font-feature-clig-off font-feature-calt-off text-decoration-none text-strikethrough-none\">Apoio da UFMG<\/span><\/li><li><span class=\"a_GcMg font-feature-liga-off font-feature-clig-off font-feature-calt-off text-decoration-none text-strikethrough-none\">Economia de custos por meio dos testes<\/span><\/li><\/ul>\t\t\t\t\t\t\t\t<\/div>\n\t\t\t\t<div class=\"elementor-element elementor-element-13c9d3e elementor-widget elementor-widget-heading\" data-id=\"13c9d3e\" data-element_type=\"widget\" data-widget_type=\"heading.default\">\n\t\t\t\t\t<h2 class=\"elementor-heading-title elementor-size-default\">Nosso Clientes<\/h2>\t\t\t\t<\/div>\n\t\t\t\t<\/div>\n\t\t\t\t<\/div>\n\t\t\t\t<\/div>\n\t\t\t\t<\/div>\n\t\t\t\t\t<\/div>\n\t\t\t\t<\/div>\n\t\t<div class=\"elementor-element elementor-element-5817ea4 e-flex e-con-boxed e-con e-parent\" data-id=\"5817ea4\" data-element_type=\"container\">\n\t\t\t\t\t<div class=\"e-con-inner\">\n\t\t<div class=\"elementor-element elementor-element-0ded874 e-con-full e-flex e-con e-child\" data-id=\"0ded874\" data-element_type=\"container\">\n\t\t\t\t<div class=\"elementor-element elementor-element-fa89b44 elementor-widget elementor-widget-image\" data-id=\"fa89b44\" data-element_type=\"widget\" data-widget_type=\"image.default\">\n\t\t\t\t\t\t\t\t\t\t\t\t\t\t\t<img decoding=\"async\" width=\"600\" height=\"600\" src=\"https:\/\/cpejr.com\/wp-content\/uploads\/2026\/02\/Untitled-design-10.png\" class=\"attachment-large size-large wp-image-703\" alt=\"\" srcset=\"https:\/\/cpejr.com\/wp-content\/uploads\/2026\/02\/Untitled-design-10.png 600w, https:\/\/cpejr.com\/wp-content\/uploads\/2026\/02\/Untitled-design-10-300x300.png 300w, https:\/\/cpejr.com\/wp-content\/uploads\/2026\/02\/Untitled-design-10-150x150.png 150w\" sizes=\"(max-width: 600px) 100vw, 600px\" \/>\t\t\t\t\t\t\t\t\t\t\t\t\t\t\t<\/div>\n\t\t\t\t<\/div>\n\t\t<div class=\"elementor-element elementor-element-8f3a457 e-con-full e-flex e-con e-child\" data-id=\"8f3a457\" data-element_type=\"container\">\n\t\t\t\t<div class=\"elementor-element elementor-element-4c66741 elementor-widget elementor-widget-heading\" data-id=\"4c66741\" data-element_type=\"widget\" data-widget_type=\"heading.default\">\n\t\t\t\t\t<h2 class=\"elementor-heading-title elementor-size-default\">Viol\u00e3o M\u00e1gico<\/h2>\t\t\t\t<\/div>\n\t\t\t\t<div class=\"elementor-element elementor-element-337050c elementor-widget elementor-widget-text-editor\" data-id=\"337050c\" data-element_type=\"widget\" data-widget_type=\"text-editor.default\">\n\t\t\t\t\t\t\t\t\t<p><span class=\"a_GcMg font-feature-liga-off font-feature-clig-off font-feature-calt-off text-decoration-none text-strikethrough-none\">O viol\u00e3o m\u00e1gico foi criado a partir de uma simples ideia inovadora: <\/span><span class=\"a_GcMg font-feature-liga-off font-feature-clig-off font-feature-calt-off text-decoration-none text-strikethrough-none\">permitir que pessoas com mobilidade reduzida possam tocar viol\u00e3o<\/span><span class=\"a_GcMg font-feature-liga-off font-feature-clig-off font-feature-calt-off text-decoration-none text-strikethrough-none\">. Com isso, foi criado o projeto que adapta um viol\u00e3o comum para que possa ser tocado com uma \u00fanica m\u00e3o. N\u00e3o s\u00f3 inovadora, mas essa ideia \u00e9 de grande<\/span><span class=\"a_GcMg font-feature-liga-off font-feature-clig-off font-feature-calt-off text-decoration-none text-strikethrough-none\"> impacto social<\/span><span class=\"a_GcMg font-feature-liga-off font-feature-clig-off font-feature-calt-off text-decoration-none text-strikethrough-none\">, trazendo mais acessibilidade e qualidade de vida para pessoas com defici\u00eancia.<\/span><\/p>\t\t\t\t\t\t\t\t<\/div>\n\t\t\t\t<\/div>\n\t\t\t\t\t<\/div>\n\t\t\t\t<\/div>\n\t\t<div class=\"elementor-element elementor-element-7f3a06d e-flex e-con-boxed e-con e-parent\" data-id=\"7f3a06d\" data-element_type=\"container\">\n\t\t\t\t\t<div class=\"e-con-inner\">\n\t\t\t\t<div class=\"elementor-element elementor-element-df61572 elementor-align-center e-transform e-transform elementor-widget__width-inherit elementor-widget elementor-widget-button\" data-id=\"df61572\" data-element_type=\"widget\" data-settings=\"{&quot;_transform_scale_effect_hover&quot;:{&quot;unit&quot;:&quot;px&quot;,&quot;size&quot;:1.1999999999999999555910790149937383830547332763671875,&quot;sizes&quot;:[]},&quot;_transform_scaleX_effect&quot;:{&quot;unit&quot;:&quot;px&quot;,&quot;size&quot;:&quot;&quot;,&quot;sizes&quot;:[]},&quot;_transform_scaleX_effect_tablet&quot;:{&quot;unit&quot;:&quot;px&quot;,&quot;size&quot;:&quot;&quot;,&quot;sizes&quot;:[]},&quot;_transform_scaleX_effect_mobile&quot;:{&quot;unit&quot;:&quot;px&quot;,&quot;size&quot;:&quot;&quot;,&quot;sizes&quot;:[]},&quot;_transform_scaleY_effect&quot;:{&quot;unit&quot;:&quot;px&quot;,&quot;size&quot;:&quot;&quot;,&quot;sizes&quot;:[]},&quot;_transform_scaleY_effect_tablet&quot;:{&quot;unit&quot;:&quot;px&quot;,&quot;size&quot;:&quot;&quot;,&quot;sizes&quot;:[]},&quot;_transform_scaleY_effect_mobile&quot;:{&quot;unit&quot;:&quot;px&quot;,&quot;size&quot;:&quot;&quot;,&quot;sizes&quot;:[]},&quot;_transform_scale_effect_hover_tablet&quot;:{&quot;unit&quot;:&quot;px&quot;,&quot;size&quot;:&quot;&quot;,&quot;sizes&quot;:[]},&quot;_transform_scale_effect_hover_mobile&quot;:{&quot;unit&quot;:&quot;px&quot;,&quot;size&quot;:&quot;&quot;,&quot;sizes&quot;:[]}}\" data-widget_type=\"button.default\">\n\t\t\t\t\t\t\t\t\t\t<a class=\"elementor-button elementor-button-link elementor-size-sm\" href=\"\/index.php\/contato\">\n\t\t\t\t\t\t<span class=\"elementor-button-content-wrapper\">\n\t\t\t\t\t\t\t\t\t<span class=\"elementor-button-text\">AGENDE UM OR\u00c7AMENTO<\/span>\n\t\t\t\t\t<\/span>\n\t\t\t\t\t<\/a>\n\t\t\t\t\t\t\t\t<\/div>\n\t\t\t\t\t<\/div>\n\t\t\t\t<\/div>\n\t\t\t\t<\/div>\n\t\t","protected":false},"excerpt":{"rendered":"<p>Prototipagem A Prototipagem \u00e9 o servi\u00e7o de concretizar uma ideia inovadora por meio de uma vers\u00e3o simplificada (Minimum Viable Product [&hellip;]<\/p>\n","protected":false},"author":1,"featured_media":0,"parent":0,"menu_order":0,"comment_status":"closed","ping_status":"closed","template":"","meta":{"_crdt_document":"","site-sidebar-layout":"no-sidebar","site-content-layout":"","ast-site-content-layout":"full-width-container","site-content-style":"default","site-sidebar-style":"default","ast-global-header-display":"","ast-banner-title-visibility":"","ast-main-header-display":"","ast-hfb-above-header-display":"","ast-hfb-below-header-display":"","ast-hfb-mobile-header-display":"","site-post-title":"disabled","ast-breadcrumbs-content":"","ast-featured-img":"disabled","footer-sml-layout":"","ast-disable-related-posts":"","theme-transparent-header-meta":"","adv-header-id-meta":"","stick-header-meta":"","header-above-stick-meta":"","header-main-stick-meta":"","header-below-stick-meta":"","astra-migrate-meta-layouts":"default","ast-page-background-enabled":"default","ast-page-background-meta":{"desktop":{"background-color":"var(--ast-global-color-5)","background-image":"","background-repeat":"repeat","background-position":"center center","background-size":"auto","background-attachment":"scroll","background-type":"","background-media":"","overlay-type":"","overlay-color":"","overlay-opacity":"","overlay-gradient":""},"tablet":{"background-color":"","background-image":"","background-repeat":"repeat","background-position":"center center","background-size":"auto","background-attachment":"scroll","background-type":"","background-media":"","overlay-type":"","overlay-color":"","overlay-opacity":"","overlay-gradient":""},"mobile":{"background-color":"","background-image":"","background-repeat":"repeat","background-position":"center center","background-size":"auto","background-attachment":"scroll","background-type":"","background-media":"","overlay-type":"","overlay-color":"","overlay-opacity":"","overlay-gradient":""}},"ast-content-background-meta":{"desktop":{"background-color":"var(--ast-global-color-4)","background-image":"","background-repeat":"repeat","background-position":"center center","background-size":"auto","background-attachment":"scroll","background-type":"","background-media":"","overlay-type":"","overlay-color":"","overlay-opacity":"","overlay-gradient":""},"tablet":{"background-color":"var(--ast-global-color-4)","background-image":"","background-repeat":"repeat","background-position":"center center","background-size":"auto","background-attachment":"scroll","background-type":"","background-media":"","overlay-type":"","overlay-color":"","overlay-opacity":"","overlay-gradient":""},"mobile":{"background-color":"var(--ast-global-color-4)","background-image":"","background-repeat":"repeat","background-position":"center center","background-size":"auto","background-attachment":"scroll","background-type":"","background-media":"","overlay-type":"","overlay-color":"","overlay-opacity":"","overlay-gradient":""}},"footnotes":""},"class_list":["post-340","page","type-page","status-publish","hentry"],"yoast_head":"<!-- This site is optimized with the Yoast SEO plugin v26.8 - https:\/\/yoast.com\/product\/yoast-seo-wordpress\/ -->\n<title>Prototipagem - CPE Jr<\/title>\n<meta name=\"robots\" content=\"index, follow, max-snippet:-1, max-image-preview:large, max-video-preview:-1\" \/>\n<link rel=\"canonical\" href=\"https:\/\/cpejr.com\/index.php\/prototipagem\/\" \/>\n<meta property=\"og:locale\" content=\"en_US\" \/>\n<meta property=\"og:type\" content=\"article\" \/>\n<meta property=\"og:title\" content=\"Prototipagem - CPE Jr\" \/>\n<meta property=\"og:description\" content=\"Prototipagem A Prototipagem \u00e9 o servi\u00e7o de concretizar uma ideia inovadora por meio de uma vers\u00e3o simplificada (Minimum Viable Product [&hellip;]\" \/>\n<meta property=\"og:url\" content=\"https:\/\/cpejr.com\/index.php\/prototipagem\/\" \/>\n<meta property=\"og:site_name\" content=\"CPE Jr\" \/>\n<meta property=\"article:modified_time\" content=\"2026-03-10T11:07:51+00:00\" \/>\n<meta property=\"og:image\" content=\"https:\/\/cpejr.com\/wp-content\/uploads\/2026\/02\/Screenshot-From-2026-02-19-10-30-22.png\" \/>\n\t<meta property=\"og:image:width\" content=\"388\" \/>\n\t<meta property=\"og:image:height\" content=\"389\" \/>\n\t<meta property=\"og:image:type\" content=\"image\/png\" \/>\n<meta name=\"twitter:card\" content=\"summary_large_image\" \/>\n<meta name=\"twitter:label1\" content=\"Est. reading time\" \/>\n\t<meta name=\"twitter:data1\" content=\"1 minute\" \/>\n<script type=\"application\/ld+json\" class=\"yoast-schema-graph\">{\"@context\":\"https:\/\/schema.org\",\"@graph\":[{\"@type\":\"WebPage\",\"@id\":\"https:\/\/cpejr.com\/index.php\/prototipagem\/\",\"url\":\"https:\/\/cpejr.com\/index.php\/prototipagem\/\",\"name\":\"Prototipagem - CPE Jr\",\"isPartOf\":{\"@id\":\"https:\/\/cpejr.com\/#website\"},\"primaryImageOfPage\":{\"@id\":\"https:\/\/cpejr.com\/index.php\/prototipagem\/#primaryimage\"},\"image\":{\"@id\":\"https:\/\/cpejr.com\/index.php\/prototipagem\/#primaryimage\"},\"thumbnailUrl\":\"https:\/\/cpejr.com\/wp-content\/uploads\/2026\/02\/Screenshot-From-2026-02-19-10-30-22.png\",\"datePublished\":\"2026-02-03T23:47:28+00:00\",\"dateModified\":\"2026-03-10T11:07:51+00:00\",\"breadcrumb\":{\"@id\":\"https:\/\/cpejr.com\/index.php\/prototipagem\/#breadcrumb\"},\"inLanguage\":\"en-US\",\"potentialAction\":[{\"@type\":\"ReadAction\",\"target\":[\"https:\/\/cpejr.com\/index.php\/prototipagem\/\"]}]},{\"@type\":\"ImageObject\",\"inLanguage\":\"en-US\",\"@id\":\"https:\/\/cpejr.com\/index.php\/prototipagem\/#primaryimage\",\"url\":\"https:\/\/cpejr.com\/wp-content\/uploads\/2026\/02\/Screenshot-From-2026-02-19-10-30-22.png\",\"contentUrl\":\"https:\/\/cpejr.com\/wp-content\/uploads\/2026\/02\/Screenshot-From-2026-02-19-10-30-22.png\",\"width\":388,\"height\":389},{\"@type\":\"BreadcrumbList\",\"@id\":\"https:\/\/cpejr.com\/index.php\/prototipagem\/#breadcrumb\",\"itemListElement\":[{\"@type\":\"ListItem\",\"position\":1,\"name\":\"Home\",\"item\":\"https:\/\/cpejr.com\/\"},{\"@type\":\"ListItem\",\"position\":2,\"name\":\"Prototipagem\"}]},{\"@type\":\"WebSite\",\"@id\":\"https:\/\/cpejr.com\/#website\",\"url\":\"https:\/\/cpejr.com\/\",\"name\":\"CPE Jr\",\"description\":\"\",\"publisher\":{\"@id\":\"https:\/\/cpejr.com\/#organization\"},\"potentialAction\":[{\"@type\":\"SearchAction\",\"target\":{\"@type\":\"EntryPoint\",\"urlTemplate\":\"https:\/\/cpejr.com\/?s={search_term_string}\"},\"query-input\":{\"@type\":\"PropertyValueSpecification\",\"valueRequired\":true,\"valueName\":\"search_term_string\"}}],\"inLanguage\":\"en-US\"},{\"@type\":\"Organization\",\"@id\":\"https:\/\/cpejr.com\/#organization\",\"name\":\"CPE Jr\",\"url\":\"https:\/\/cpejr.com\/\",\"logo\":{\"@type\":\"ImageObject\",\"inLanguage\":\"en-US\",\"@id\":\"https:\/\/cpejr.com\/#\/schema\/logo\/image\/\",\"url\":\"https:\/\/cpejr.com\/wp-content\/uploads\/2026\/01\/cropped-Screenshot_2026-01-28_at_08-01-50_Editavel_-_Google_Drive-removebg-preview.png\",\"contentUrl\":\"https:\/\/cpejr.com\/wp-content\/uploads\/2026\/01\/cropped-Screenshot_2026-01-28_at_08-01-50_Editavel_-_Google_Drive-removebg-preview.png\",\"width\":500,\"height\":177,\"caption\":\"CPE Jr\"},\"image\":{\"@id\":\"https:\/\/cpejr.com\/#\/schema\/logo\/image\/\"}}]}<\/script>\n<!-- \/ Yoast SEO plugin. -->","yoast_head_json":{"title":"Prototipagem - CPE Jr","robots":{"index":"index","follow":"follow","max-snippet":"max-snippet:-1","max-image-preview":"max-image-preview:large","max-video-preview":"max-video-preview:-1"},"canonical":"https:\/\/cpejr.com\/index.php\/prototipagem\/","og_locale":"en_US","og_type":"article","og_title":"Prototipagem - CPE Jr","og_description":"Prototipagem A Prototipagem \u00e9 o servi\u00e7o de concretizar uma ideia inovadora por meio de uma vers\u00e3o simplificada (Minimum Viable Product [&hellip;]","og_url":"https:\/\/cpejr.com\/index.php\/prototipagem\/","og_site_name":"CPE Jr","article_modified_time":"2026-03-10T11:07:51+00:00","og_image":[{"width":388,"height":389,"url":"https:\/\/cpejr.com\/wp-content\/uploads\/2026\/02\/Screenshot-From-2026-02-19-10-30-22.png","type":"image\/png"}],"twitter_card":"summary_large_image","twitter_misc":{"Est. reading time":"1 minute"},"schema":{"@context":"https:\/\/schema.org","@graph":[{"@type":"WebPage","@id":"https:\/\/cpejr.com\/index.php\/prototipagem\/","url":"https:\/\/cpejr.com\/index.php\/prototipagem\/","name":"Prototipagem - CPE Jr","isPartOf":{"@id":"https:\/\/cpejr.com\/#website"},"primaryImageOfPage":{"@id":"https:\/\/cpejr.com\/index.php\/prototipagem\/#primaryimage"},"image":{"@id":"https:\/\/cpejr.com\/index.php\/prototipagem\/#primaryimage"},"thumbnailUrl":"https:\/\/cpejr.com\/wp-content\/uploads\/2026\/02\/Screenshot-From-2026-02-19-10-30-22.png","datePublished":"2026-02-03T23:47:28+00:00","dateModified":"2026-03-10T11:07:51+00:00","breadcrumb":{"@id":"https:\/\/cpejr.com\/index.php\/prototipagem\/#breadcrumb"},"inLanguage":"en-US","potentialAction":[{"@type":"ReadAction","target":["https:\/\/cpejr.com\/index.php\/prototipagem\/"]}]},{"@type":"ImageObject","inLanguage":"en-US","@id":"https:\/\/cpejr.com\/index.php\/prototipagem\/#primaryimage","url":"https:\/\/cpejr.com\/wp-content\/uploads\/2026\/02\/Screenshot-From-2026-02-19-10-30-22.png","contentUrl":"https:\/\/cpejr.com\/wp-content\/uploads\/2026\/02\/Screenshot-From-2026-02-19-10-30-22.png","width":388,"height":389},{"@type":"BreadcrumbList","@id":"https:\/\/cpejr.com\/index.php\/prototipagem\/#breadcrumb","itemListElement":[{"@type":"ListItem","position":1,"name":"Home","item":"https:\/\/cpejr.com\/"},{"@type":"ListItem","position":2,"name":"Prototipagem"}]},{"@type":"WebSite","@id":"https:\/\/cpejr.com\/#website","url":"https:\/\/cpejr.com\/","name":"CPE Jr","description":"","publisher":{"@id":"https:\/\/cpejr.com\/#organization"},"potentialAction":[{"@type":"SearchAction","target":{"@type":"EntryPoint","urlTemplate":"https:\/\/cpejr.com\/?s={search_term_string}"},"query-input":{"@type":"PropertyValueSpecification","valueRequired":true,"valueName":"search_term_string"}}],"inLanguage":"en-US"},{"@type":"Organization","@id":"https:\/\/cpejr.com\/#organization","name":"CPE Jr","url":"https:\/\/cpejr.com\/","logo":{"@type":"ImageObject","inLanguage":"en-US","@id":"https:\/\/cpejr.com\/#\/schema\/logo\/image\/","url":"https:\/\/cpejr.com\/wp-content\/uploads\/2026\/01\/cropped-Screenshot_2026-01-28_at_08-01-50_Editavel_-_Google_Drive-removebg-preview.png","contentUrl":"https:\/\/cpejr.com\/wp-content\/uploads\/2026\/01\/cropped-Screenshot_2026-01-28_at_08-01-50_Editavel_-_Google_Drive-removebg-preview.png","width":500,"height":177,"caption":"CPE Jr"},"image":{"@id":"https:\/\/cpejr.com\/#\/schema\/logo\/image\/"}}]}},"_links":{"self":[{"href":"https:\/\/cpejr.com\/index.php\/wp-json\/wp\/v2\/pages\/340","targetHints":{"allow":["GET"]}}],"collection":[{"href":"https:\/\/cpejr.com\/index.php\/wp-json\/wp\/v2\/pages"}],"about":[{"href":"https:\/\/cpejr.com\/index.php\/wp-json\/wp\/v2\/types\/page"}],"author":[{"embeddable":true,"href":"https:\/\/cpejr.com\/index.php\/wp-json\/wp\/v2\/users\/1"}],"replies":[{"embeddable":true,"href":"https:\/\/cpejr.com\/index.php\/wp-json\/wp\/v2\/comments?post=340"}],"version-history":[{"count":12,"href":"https:\/\/cpejr.com\/index.php\/wp-json\/wp\/v2\/pages\/340\/revisions"}],"predecessor-version":[{"id":769,"href":"https:\/\/cpejr.com\/index.php\/wp-json\/wp\/v2\/pages\/340\/revisions\/769"}],"wp:attachment":[{"href":"https:\/\/cpejr.com\/index.php\/wp-json\/wp\/v2\/media?parent=340"}],"curies":[{"name":"wp","href":"https:\/\/api.w.org\/{rel}","templated":true}]}}